{"id":43,"date":"2023-09-11T15:58:12","date_gmt":"2023-09-11T13:58:12","guid":{"rendered":"https:\/\/ondaractiva.com\/historia-comerc\/?page_id=43"},"modified":"2023-11-28T12:40:19","modified_gmt":"2023-11-28T11:40:19","slug":"43-2","status":"publish","type":"page","link":"https:\/\/ondaractiva.com\/historia-comercial\/","title":{"rendered":"Ondara una Hist\u00f2ria de Comer\u00e7"},"content":{"rendered":"<p>[et_pb_section fb_built=\u00bb1&#8243; admin_label=\u00bbHero Section\u00bb _builder_version=\u00bb4.22.1&#8243; use_background_color_gradient=\u00bbon\u00bb background_color_gradient_stops=\u00bb#000000 0%|rgba(0,0,0,0) 100%\u00bb background_color_gradient_overlays_image=\u00bbon\u00bb background_color_gradient_start=\u00bb#000000&#8243; background_color_gradient_end=\u00bbrgba(0,0,0,0)\u00bb background_image=\u00bbhttps:\/\/ondaractiva.com\/historia-comercial\/wp-content\/uploads\/2023\/09\/ondara-antiguo.jpg\u00bb custom_margin=\u00bb|||\u00bb custom_padding=\u00bb4.9%||8.4%|||\u00bb animation_style=\u00bbfade\u00bb global_colors_info=\u00bb{}\u00bb][et_pb_row _builder_version=\u00bb4.22.1&#8243; _module_preset=\u00bbdefault\u00bb global_colors_info=\u00bb{}\u00bb][et_pb_column type=\u00bb4_4&#8243; _builder_version=\u00bb4.22.1&#8243; _module_preset=\u00bbdefault\u00bb global_colors_info=\u00bb{}\u00bb][et_pb_image src=\u00bbhttps:\/\/ondaractiva.com\/historia-comercial\/wp-content\/uploads\/2023\/09\/LOGO-WEB-ONDARA-UNA-HISTORIA-DE-COMERC-2.png\u00bb alt=\u00bbLOGO-WEB-ONDARA-UNA-HISTORIA-DE-COMER\u00c7-2&#8243; title_text=\u00bbLOGO-WEB-ONDARA-UNA-HISTORIA-DE-COMER\u00c7-2&#8243; align=\u00bbcenter\u00bb _builder_version=\u00bb4.22.2&#8243; _module_preset=\u00bbdefault\u00bb max_width=\u00bb25%\u00bb max_width_tablet=\u00bb25%\u00bb max_width_phone=\u00bb71%\u00bb max_width_last_edited=\u00bbon|phone\u00bb global_colors_info=\u00bb{}\u00bb][\/et_pb_image][et_pb_text _builder_version=\u00bb4.22.2&#8243; _module_preset=\u00bbdefault\u00bb header_font=\u00bbNunito||||||||\u00bb header_text_color=\u00bb#FFFFFF\u00bb header_font_size=\u00bb80px\u00bb header_font_size_tablet=\u00bb80px\u00bb header_font_size_phone=\u00bb34px\u00bb header_font_size_last_edited=\u00bbon|phone\u00bb global_colors_info=\u00bb{}\u00bb]<\/p>\n<h1 style=\"text-align: center;\">ONDARA, UNA HIST\u00d2RIA DE COMER\u00c7<\/h1>\n<p>[\/et_pb_text][et_pb_text content_tablet=\u00bb<\/p>\n<p style=%22text-align: left;%22>Ondara, amb la seva posici\u00f3 estrat\u00e8gica entre la costa i l&#8217;interior, ha estat hist\u00f2ricament un punt clau per a l&#8217;intercanvi comercial a la pen\u00ednsula ib\u00e8rica. Aquesta tradici\u00f3 comercial no nom\u00e9s ha impulsat l&#8217;economia local, sin\u00f3 que tamb\u00e9 ha servit com a pont cultural entre diverses comunitats, reflectint i enriquint la identitat de la localitat. Les fires, mercats i botigues d&#8217;Ondara s\u00f3n testimonis de segles d&#8217;hist\u00f2ria i tradici\u00f3. \u00c9s vital que es reconegui i es conservi aquest llegat, ja que va m\u00e9s enll\u00e0 del merament econ\u00f2mic, sent un pilar fonamental de la cultura i la hist\u00f2ria d&#8217;Ondara.<\/p>\n<p>\u00bb content_phone=\u00bb<\/p>\n<p style=%22text-align: center;%22>Ondara, amb la seva posici\u00f3 estrat\u00e8gica entre la costa i l&#8217;interior, ha estat hist\u00f2ricament un punt clau per a l&#8217;intercanvi comercial a la pen\u00ednsula ib\u00e8rica. Aquesta tradici\u00f3 comercial no nom\u00e9s ha impulsat l&#8217;economia local, sin\u00f3 que tamb\u00e9 ha servit com a pont cultural entre diverses comunitats, reflectint i enriquint la identitat de la localitat. Les fires, mercats i botigues d&#8217;Ondara s\u00f3n testimonis de segles d&#8217;hist\u00f2ria i tradici\u00f3. \u00c9s vital que es reconegui i es conservi aquest llegat, ja que va m\u00e9s enll\u00e0 del merament econ\u00f2mic, sent un pilar fonamental de la cultura i la hist\u00f2ria d&#8217;Ondara.<\/p>\n<p>\u00bb content_last_edited=\u00bbon|desktop\u00bb _builder_version=\u00bb4.22.2&#8243; text_font=\u00bb|600|||||||\u00bb text_text_color=\u00bb#000000&#8243; text_font_size=\u00bb17px\u00bb text_line_height=\u00bb1.8em\u00bb background_color=\u00bb#63a7b7&#8243; text_orientation=\u00bbcenter\u00bb width=\u00bb91%\u00bb max_width=\u00bb1920px\u00bb module_alignment=\u00bbcenter\u00bb custom_margin=\u00bb|0px||0px|false|true\u00bb custom_margin_tablet=\u00bb|0px||0px|false|true\u00bb custom_margin_phone=\u00bb|0px|50px|0px|false|false\u00bb custom_margin_last_edited=\u00bbon|phone\u00bb custom_padding=\u00bb27px|20px|27px|20px|false|true\u00bb animation_style=\u00bbfold\u00bb animation_direction=\u00bbbottom\u00bb animation_intensity_fold=\u00bb20%\u00bb animation_starting_opacity=\u00bb100%\u00bb text_font_size_tablet=\u00bb15px\u00bb text_font_size_phone=\u00bb14px\u00bb text_font_size_last_edited=\u00bbon|phone\u00bb border_radii=\u00bbon|53px|53px|53px|53px\u00bb border_width_all=\u00bb2px\u00bb border_color_all=\u00bb#FFFFFF\u00bb box_shadow_style=\u00bbpreset2&#8243; global_colors_info=\u00bb{}\u00bb]<\/p>\n<p style=\"text-align: center;\">Ondara, amb la\u00a0seua\u00a0posici\u00f3 estrat\u00e8gica entre la costa i l&#8217;interior, ha estat hist\u00f2ricament un punt clau per a l&#8217;intercanvi comercial a la\u00a0pen\u00ednsula Ib\u00e8rica. Aquesta tradici\u00f3 comercial no nom\u00e9s ha impulsat l&#8217;economia local, sin\u00f3 que tamb\u00e9 ha servit com a pont cultural entre diverses comunitats, reflectint i enriquint la identitat de la localitat. Les fires, mercats i botigues d&#8217;Ondara s\u00f3n testimonis de segles d&#8217;hist\u00f2ria i tradici\u00f3. \u00c9s vital que es\u00a0reconega\u00a0i es\u00a0conserve\u00a0aquest llegat, ja que va m\u00e9s enll\u00e0 del merament econ\u00f2mic, sent un pilar fonamental de la cultura i la hist\u00f2ria d&#8217;Ondara.<\/p>\n<p>[\/et_pb_text][\/et_pb_column][\/et_pb_row][\/et_pb_section][et_pb_section fb_built=\u00bb1&#8243; disabled_on=\u00bbon|on|on\u00bb admin_label=\u00bbCategory Search Section\u00bb _builder_version=\u00bb4.22.2&#8243; custom_margin=\u00bb6px|||||\u00bb custom_margin_tablet=\u00bb6px|||||\u00bb custom_margin_phone=\u00bb6px|||||\u00bb custom_margin_last_edited=\u00bbon|phone\u00bb custom_padding=\u00bb10px||16px||false|false\u00bb disabled=\u00bbon\u00bb global_colors_info=\u00bb{}\u00bb][et_pb_row module_id=\u00bbfuncionament\u00bb _builder_version=\u00bb4.22.1&#8243; _module_preset=\u00bbdefault\u00bb global_colors_info=\u00bb{}\u00bb][et_pb_column type=\u00bb4_4&#8243; _builder_version=\u00bb4.22.1&#8243; _module_preset=\u00bbdefault\u00bb global_colors_info=\u00bb{}\u00bb][et_pb_text _builder_version=\u00bb4.22.2&#8243; _module_preset=\u00bbdefault\u00bb header_2_font=\u00bb|700|||||||\u00bb header_2_text_align=\u00bbcenter\u00bb header_2_text_color=\u00bb#000000&#8243; header_2_font_size=\u00bb32px\u00bb header_2_font_size_tablet=\u00bb32px\u00bb header_2_font_size_phone=\u00bb32px\u00bb header_2_font_size_last_edited=\u00bbon|desktop\u00bb global_colors_info=\u00bb{}\u00bb]<\/p>\n<h2>Guanya Premis per Coneixer la Hist\u00f2ria Comercial del Teu Poble<\/h2>\n<p>[\/et_pb_text][\/et_pb_column][\/et_pb_row][et_pb_row column_structure=\u00bb1_2,1_2&#8243; use_custom_gutter=\u00bbon\u00bb make_equal=\u00bbon\u00bb _builder_version=\u00bb4.22.1&#8243; _module_preset=\u00bbdefault\u00bb width=\u00bb85%\u00bb max_width=\u00bb80%\u00bb global_colors_info=\u00bb{}\u00bb][et_pb_column type=\u00bb1_2&#8243; _builder_version=\u00bb4.22.1&#8243; _module_preset=\u00bbdefault\u00bb background_image=\u00bbhttps:\/\/ondaractiva.com\/historia-comercial\/wp-content\/uploads\/2023\/09\/puzle-ondara.jpg\u00bb background_size=\u00bbcontain\u00bb global_colors_info=\u00bb{}\u00bb][dsm_floating_multi_images _builder_version=\u00bb4.22.2&#8243; _module_preset=\u00bbdefault\u00bb global_colors_info=\u00bb{}\u00bb][dsm_floating_multi_images_child src=\u00bbhttps:\/\/ondaractiva.com\/historia-comercial\/wp-content\/uploads\/2023\/09\/caixa.png\u00bb alt=\u00bbcaixa\u00bb title_text=\u00bbcaixa\u00bb _builder_version=\u00bb4.22.1&#8243; _module_preset=\u00bbdefault\u00bb global_colors_info=\u00bb{}\u00bb][\/dsm_floating_multi_images_child][dsm_floating_multi_images_child src=\u00bbhttps:\/\/ondaractiva.com\/historia-comercial\/wp-content\/uploads\/2023\/09\/pop-it.png\u00bb title_text=\u00bbpop-it\u00bb horizontal_align=\u00bb56%\u00bb _builder_version=\u00bb4.22.1&#8243; _module_preset=\u00bbdefault\u00bb global_colors_info=\u00bb{}\u00bb][\/dsm_floating_multi_images_child][dsm_floating_multi_images_child alt=\u00bbtablet\u00bb title_text=\u00bbtablet\u00bb horizontal_align=\u00bb48%\u00bb vertical_align=\u00bb141%\u00bb horizontal_align_tablet=\u00bb22%\u00bb horizontal_align_phone=\u00bb22%\u00bb horizontal_align_last_edited=\u00bbon|tablet\u00bb vertical_align_tablet=\u00bb48%\u00bb vertical_align_phone=\u00bb48%\u00bb vertical_align_last_edited=\u00bbon|tablet\u00bb _builder_version=\u00bb4.22.2&#8243; _module_preset=\u00bbdefault\u00bb min_height_tablet=\u00bb\u00bb min_height_phone=\u00bb\u00bb min_height_last_edited=\u00bbon|phone\u00bb global_colors_info=\u00bb{}\u00bb][\/dsm_floating_multi_images_child][\/dsm_floating_multi_images][\/et_pb_column][et_pb_column type=\u00bb1_2&#8243; _builder_version=\u00bb4.22.1&#8243; _module_preset=\u00bbdefault\u00bb global_colors_info=\u00bb{}\u00bb][et_pb_text _builder_version=\u00bb4.22.2&#8243; _module_preset=\u00bbdefault\u00bb text_font_size=\u00bb16px\u00bb width=\u00bb100%\u00bb global_colors_info=\u00bb{}\u00bb]<\/p>\n<h3>\ud83e\udd14Com funciona?\ud83c\udfc6<\/h3>\n<p>&nbsp;<\/p>\n<p><strong>Objectiu:<\/strong> Con\u00e9ixer i valorar la hist\u00f2ria comercial d&#8217;Ondara a trav\u00e9s d&#8217;un recorregut interactiu pels seus comer\u00e7os hist\u00f2rics.<\/p>\n<p><strong>Participants:<\/strong> Xiquets i xiquetes de 6 a 12 anys, preferentment acompanyats per un adult. \u00c9s necessari comptar amb un dispositiu m\u00f2bil amb connexi\u00f3 a internet.<\/p>\n<p>&nbsp;<\/p>\n<p>&nbsp;<\/p>\n<h3>Mec\u00e0nica del joc:<\/h3>\n<ul>\n<li>Inici: El joc comen\u00e7a a la Casa de Cultura d&#8217;Ondara. Ac\u00ed, els participants recolliran el \u00abKit de l&#8217;explorador\u00bb, que inclou un pla impr\u00e9s d&#8217;Ondara amb els punts\/comer\u00e7os a visitar, una caixa contenidora per a les peces del puzle.<\/li>\n<li>Recorregut: Els participants hauran de visitar un total de 14 locals comercials, que encara estiguen en funcionament o que hagen tancat les seues portes. En cada local, trobaran una placa amb un codi QR.<\/li>\n<li>Codi QR: En escanejar el codi QR amb un dispositiu m\u00f2bil, seran redirigits a una p\u00e0gina web (ondaractiva.com\/historia-comercial) on se&#8217;ls contar\u00e0 la hist\u00f2ria del negoci i se&#8217;ls indicar\u00e0 on han d&#8217;acudir per a recollir una fitxa del puzle.<\/li>\n<li>Pregunta i fitxa del puzle: Al comer\u00e7 indicat (que pot ser el mateix on van escanejar el codi QR o un de pr\u00f2xim), hauran de respondre a una pregunta relacionada amb la hist\u00f2ria del comer\u00e7 que van llegir a la p\u00e0gina web. En respondre correctament, rebran una fitxa del puzle.<\/li>\n<li>Finalitzaci\u00f3: Una vegada que hagen visitat els 14 locals i recollit les 15 fitxes del puzle, els participants hauran de dirigir-se a la Casa de la Cultura. Ac\u00ed, segellaran la caixa contenidora de les peces i rebran un premi segur: un \u00abPop <span class=\"hiddenSpellError\">it<\/span>\u00a0electr\u00f2nic\u00bb.<\/li>\n<li>Sorteig: A l&#8217;Espai Jove d&#8217;Ondara, es prendran les dades de l&#8217;adult acompanyant per a participar en el sorteig final, on es rifaran 10 tauletes t\u00e0ctils.<\/li>\n<\/ul>\n<h3>Premis:<\/h3>\n<p>Premi segur per a tots els participants que completen el recorregut i munten el puzle sobre la base: \u00abPop\u00a0<span class=\"hiddenSpellError\">it<\/span> electr\u00f2nic\u00bb.<br \/>Informaci\u00f3 addicional: Tota la informaci\u00f3 relacionada amb la campanya, aix\u00ed com detalls hist\u00f2rics dels comer\u00e7os, es troba disponible a la p\u00e0gina web: ondaractiva.com\/historia-comercial.<\/p>\n<p>Participa i descobreix la rica hist\u00f2ria comercial d&#8217;Ondara mentre et diverteixes i aprens!<\/p>\n<p>[\/et_pb_text][\/et_pb_column][\/et_pb_row][\/et_pb_section][et_pb_section fb_built=\u00bb1&#8243; _builder_version=\u00bb4.22.2&#8243; _module_preset=\u00bbdefault\u00bb global_colors_info=\u00bb{}\u00bb][et_pb_row module_id=\u00bbmapa\u00bb _builder_version=\u00bb4.22.2&#8243; _module_preset=\u00bbdefault\u00bb width=\u00bb100%\u00bb max_width=\u00bb2401px\u00bb hover_enabled=\u00bb0&#8243; global_colors_info=\u00bb{}\u00bb sticky_enabled=\u00bb0&#8243;][et_pb_column type=\u00bb4_4&#8243; _builder_version=\u00bb4.22.1&#8243; _module_preset=\u00bbdefault\u00bb global_colors_info=\u00bb{}\u00bb][et_pb_text _builder_version=\u00bb4.22.1&#8243; _module_preset=\u00bbdefault\u00bb global_colors_info=\u00bb{}\u00bb]<\/p>\n<h3 style=\"text-align: center;\">On estan els comer\u00e7os?<\/h3>\n<p>[\/et_pb_text][et_pb_text _builder_version=\u00bb4.22.2&#8243; _module_preset=\u00bbdefault\u00bb global_colors_info=\u00bb{}\u00bb]<\/p>\n<p><iframe loading=\"lazy\" src=\"https:\/\/www.google.com\/maps\/d\/embed?mid=1z-U0o7QfxtdmxAKe_XDnE2BzBQiaEUU&amp;ehbc=2E312F\" width=\"100%\" height=\"700\"><\/iframe><\/p>\n<p>[\/et_pb_text][\/et_pb_column][\/et_pb_row][\/et_pb_section][et_pb_section fb_built=\u00bb1&#8243; _builder_version=\u00bb4.22.2&#8243; _module_preset=\u00bbdefault\u00bb background_color=\u00bbrgba(99,167,183,0.22)\u00bb custom_padding=\u00bb28px|||||\u00bb global_colors_info=\u00bb{}\u00bb][et_pb_row _builder_version=\u00bb4.22.1&#8243; _module_preset=\u00bbdefault\u00bb global_colors_info=\u00bb{}\u00bb][et_pb_column type=\u00bb4_4&#8243; _builder_version=\u00bb4.22.1&#8243; _module_preset=\u00bbdefault\u00bb global_colors_info=\u00bb{}\u00bb][et_pb_text _builder_version=\u00bb4.22.2&#8243; _module_preset=\u00bbdefault\u00bb header_2_font=\u00bb|700|||||||\u00bb header_2_text_align=\u00bbcenter\u00bb header_2_text_color=\u00bb#000000&#8243; header_2_font_size=\u00bb32px\u00bb header_3_font=\u00bb|600|||||||\u00bb header_2_font_size_tablet=\u00bb32px\u00bb header_2_font_size_phone=\u00bb32px\u00bb header_2_font_size_last_edited=\u00bbon|desktop\u00bb global_colors_info=\u00bb{}\u00bb]<\/p>\n<h3 style=\"text-align: center;\">Comer\u00e7os Hist\u00f2rics d&#8217; Ondara<\/h3>\n<p>[\/et_pb_text][\/et_pb_column][\/et_pb_row][et_pb_row _builder_version=\u00bb4.22.2&#8243; _module_preset=\u00bbdefault\u00bb width=\u00bb76%\u00bb width_tablet=\u00bb76%\u00bb width_phone=\u00bb76%\u00bb width_last_edited=\u00bbon|phone\u00bb max_width=\u00bb2560px\u00bb global_colors_info=\u00bb{}\u00bb][et_pb_column type=\u00bb4_4&#8243; _builder_version=\u00bb4.22.1&#8243; _module_preset=\u00bbdefault\u00bb global_colors_info=\u00bb{}\u00bb][et_pb_filterable_portfolio fullwidth=\u00bboff\u00bb posts_number=\u00bb100&#8243; include_categories=\u00bb2,4,3&#8243; _builder_version=\u00bb4.22.2&#8243; _module_preset=\u00bbdefault\u00bb title_font=\u00bb|600|||||||\u00bb title_text_align=\u00bbcenter\u00bb title_text_color=\u00bb#000000&#8243; filter_font=\u00bb|600|||||||\u00bb filter_text_color=\u00bb#000000&#8243; caption_text_align=\u00bbcenter\u00bb global_colors_info=\u00bb{}\u00bb][\/et_pb_filterable_portfolio][\/et_pb_column][\/et_pb_row][\/et_pb_section]<\/p>\n","protected":false},"excerpt":{"rendered":"<p>ONDARA, UNA HIST\u00d2RIA DE COMER\u00c7Ondara, amb la\u00a0seua\u00a0posici\u00f3 estrat\u00e8gica entre la costa i l&#8217;interior, ha estat hist\u00f2ricament un punt clau per a l&#8217;intercanvi comercial a la\u00a0pen\u00ednsula Ib\u00e8rica. Aquesta tradici\u00f3 comercial no nom\u00e9s ha impulsat l&#8217;economia local, sin\u00f3 que tamb\u00e9 ha servit com a pont cultural entre diverses comunitats, reflectint i enriquint la identitat de la localitat. [&hellip;]<\/p>\n","protected":false},"author":1,"featured_media":282,"parent":0,"menu_order":0,"comment_status":"closed","ping_status":"closed","template":"","meta":{"_et_pb_use_builder":"on","_et_pb_old_content":"","_et_gb_content_width":"","footnotes":""},"class_list":["post-43","page","type-page","status-publish","has-post-thumbnail","hentry"],"yoast_head":"<!-- This site is optimized with the Yoast SEO plugin v27.3 - https:\/\/yoast.com\/product\/yoast-seo-wordpress\/ -->\n<title>Ondara una Hist\u00f2ria de Comer\u00e7 - Ondara, una Hist\u00f2ria de Comer\u00e7<\/title>\n<meta name=\"robots\" content=\"index, follow, max-snippet:-1, max-image-preview:large, max-video-preview:-1\" \/>\n<link rel=\"canonical\" href=\"https:\/\/ondaractiva.com\/historia-comercial\/\" \/>\n<meta property=\"og:locale\" content=\"es_ES\" \/>\n<meta property=\"og:type\" content=\"article\" \/>\n<meta property=\"og:title\" content=\"Ondara una Hist\u00f2ria de Comer\u00e7 - Ondara, una Hist\u00f2ria de Comer\u00e7\" \/>\n<meta property=\"og:description\" content=\"ONDARA, UNA HIST\u00d2RIA DE COMER\u00c7Ondara, amb la\u00a0seua\u00a0posici\u00f3 estrat\u00e8gica entre la costa i l&#039;interior, ha estat hist\u00f2ricament un punt clau per a l&#039;intercanvi comercial a la\u00a0pen\u00ednsula Ib\u00e8rica. Aquesta tradici\u00f3 comercial no nom\u00e9s ha impulsat l&#039;economia local, sin\u00f3 que tamb\u00e9 ha servit com a pont cultural entre diverses comunitats, reflectint i enriquint la identitat de la localitat. [&hellip;]\" \/>\n<meta property=\"og:url\" content=\"https:\/\/ondaractiva.com\/historia-comercial\/\" \/>\n<meta property=\"og:site_name\" content=\"Ondara, una Hist\u00f2ria de Comer\u00e7\" \/>\n<meta property=\"article:modified_time\" content=\"2023-11-28T11:40:19+00:00\" \/>\n<meta property=\"og:image\" content=\"https:\/\/ondaractiva.com\/historia-comercial\/wp-content\/uploads\/2023\/09\/ondara-antiguo.jpg\" \/>\n\t<meta property=\"og:image:width\" content=\"1000\" \/>\n\t<meta property=\"og:image:height\" content=\"378\" \/>\n\t<meta property=\"og:image:type\" content=\"image\/jpeg\" \/>\n<meta name=\"twitter:card\" content=\"summary_large_image\" \/>\n<meta name=\"twitter:label1\" content=\"Tiempo de lectura\" \/>\n\t<meta name=\"twitter:data1\" content=\"8 minutos\" \/>\n<script type=\"application\/ld+json\" class=\"yoast-schema-graph\">{\"@context\":\"https:\\\/\\\/schema.org\",\"@graph\":[{\"@type\":\"WebPage\",\"@id\":\"https:\\\/\\\/ondaractiva.com\\\/historia-comercial\\\/\",\"url\":\"https:\\\/\\\/ondaractiva.com\\\/historia-comercial\\\/\",\"name\":\"Ondara una Hist\u00f2ria de Comer\u00e7 - Ondara, una Hist\u00f2ria de Comer\u00e7\",\"isPartOf\":{\"@id\":\"https:\\\/\\\/ondaractiva.com\\\/historia-comercial\\\/#website\"},\"primaryImageOfPage\":{\"@id\":\"https:\\\/\\\/ondaractiva.com\\\/historia-comercial\\\/#primaryimage\"},\"image\":{\"@id\":\"https:\\\/\\\/ondaractiva.com\\\/historia-comercial\\\/#primaryimage\"},\"thumbnailUrl\":\"https:\\\/\\\/ondaractiva.com\\\/historia-comercial\\\/wp-content\\\/uploads\\\/2023\\\/09\\\/ondara-antiguo.jpg\",\"datePublished\":\"2023-09-11T13:58:12+00:00\",\"dateModified\":\"2023-11-28T11:40:19+00:00\",\"breadcrumb\":{\"@id\":\"https:\\\/\\\/ondaractiva.com\\\/historia-comercial\\\/#breadcrumb\"},\"inLanguage\":\"es\",\"potentialAction\":[{\"@type\":\"ReadAction\",\"target\":[\"https:\\\/\\\/ondaractiva.com\\\/historia-comercial\\\/\"]}]},{\"@type\":\"ImageObject\",\"inLanguage\":\"es\",\"@id\":\"https:\\\/\\\/ondaractiva.com\\\/historia-comercial\\\/#primaryimage\",\"url\":\"https:\\\/\\\/ondaractiva.com\\\/historia-comercial\\\/wp-content\\\/uploads\\\/2023\\\/09\\\/ondara-antiguo.jpg\",\"contentUrl\":\"https:\\\/\\\/ondaractiva.com\\\/historia-comercial\\\/wp-content\\\/uploads\\\/2023\\\/09\\\/ondara-antiguo.jpg\",\"width\":1000,\"height\":378,\"caption\":\"ondara-antiguo\"},{\"@type\":\"BreadcrumbList\",\"@id\":\"https:\\\/\\\/ondaractiva.com\\\/historia-comercial\\\/#breadcrumb\",\"itemListElement\":[{\"@type\":\"ListItem\",\"position\":1,\"name\":\"Portada\",\"item\":\"https:\\\/\\\/ondaractiva.com\\\/historia-comercial\\\/\"},{\"@type\":\"ListItem\",\"position\":2,\"name\":\"Ondara una Hist\u00f2ria de Comer\u00e7\"}]},{\"@type\":\"WebSite\",\"@id\":\"https:\\\/\\\/ondaractiva.com\\\/historia-comercial\\\/#website\",\"url\":\"https:\\\/\\\/ondaractiva.com\\\/historia-comercial\\\/\",\"name\":\"Ondara, una Hist\u00f2ria de Comer\u00e7\",\"description\":\"\",\"potentialAction\":[{\"@type\":\"SearchAction\",\"target\":{\"@type\":\"EntryPoint\",\"urlTemplate\":\"https:\\\/\\\/ondaractiva.com\\\/historia-comercial\\\/?s={search_term_string}\"},\"query-input\":{\"@type\":\"PropertyValueSpecification\",\"valueRequired\":true,\"valueName\":\"search_term_string\"}}],\"inLanguage\":\"es\"}]}<\/script>\n<!-- \/ Yoast SEO plugin. -->","yoast_head_json":{"title":"Ondara una Hist\u00f2ria de Comer\u00e7 - Ondara, una Hist\u00f2ria de Comer\u00e7","robots":{"index":"index","follow":"follow","max-snippet":"max-snippet:-1","max-image-preview":"max-image-preview:large","max-video-preview":"max-video-preview:-1"},"canonical":"https:\/\/ondaractiva.com\/historia-comercial\/","og_locale":"es_ES","og_type":"article","og_title":"Ondara una Hist\u00f2ria de Comer\u00e7 - Ondara, una Hist\u00f2ria de Comer\u00e7","og_description":"ONDARA, UNA HIST\u00d2RIA DE COMER\u00c7Ondara, amb la\u00a0seua\u00a0posici\u00f3 estrat\u00e8gica entre la costa i l'interior, ha estat hist\u00f2ricament un punt clau per a l'intercanvi comercial a la\u00a0pen\u00ednsula Ib\u00e8rica. Aquesta tradici\u00f3 comercial no nom\u00e9s ha impulsat l'economia local, sin\u00f3 que tamb\u00e9 ha servit com a pont cultural entre diverses comunitats, reflectint i enriquint la identitat de la localitat. [&hellip;]","og_url":"https:\/\/ondaractiva.com\/historia-comercial\/","og_site_name":"Ondara, una Hist\u00f2ria de Comer\u00e7","article_modified_time":"2023-11-28T11:40:19+00:00","og_image":[{"width":1000,"height":378,"url":"https:\/\/ondaractiva.com\/historia-comercial\/wp-content\/uploads\/2023\/09\/ondara-antiguo.jpg","type":"image\/jpeg"}],"twitter_card":"summary_large_image","twitter_misc":{"Tiempo de lectura":"8 minutos"},"schema":{"@context":"https:\/\/schema.org","@graph":[{"@type":"WebPage","@id":"https:\/\/ondaractiva.com\/historia-comercial\/","url":"https:\/\/ondaractiva.com\/historia-comercial\/","name":"Ondara una Hist\u00f2ria de Comer\u00e7 - Ondara, una Hist\u00f2ria de Comer\u00e7","isPartOf":{"@id":"https:\/\/ondaractiva.com\/historia-comercial\/#website"},"primaryImageOfPage":{"@id":"https:\/\/ondaractiva.com\/historia-comercial\/#primaryimage"},"image":{"@id":"https:\/\/ondaractiva.com\/historia-comercial\/#primaryimage"},"thumbnailUrl":"https:\/\/ondaractiva.com\/historia-comercial\/wp-content\/uploads\/2023\/09\/ondara-antiguo.jpg","datePublished":"2023-09-11T13:58:12+00:00","dateModified":"2023-11-28T11:40:19+00:00","breadcrumb":{"@id":"https:\/\/ondaractiva.com\/historia-comercial\/#breadcrumb"},"inLanguage":"es","potentialAction":[{"@type":"ReadAction","target":["https:\/\/ondaractiva.com\/historia-comercial\/"]}]},{"@type":"ImageObject","inLanguage":"es","@id":"https:\/\/ondaractiva.com\/historia-comercial\/#primaryimage","url":"https:\/\/ondaractiva.com\/historia-comercial\/wp-content\/uploads\/2023\/09\/ondara-antiguo.jpg","contentUrl":"https:\/\/ondaractiva.com\/historia-comercial\/wp-content\/uploads\/2023\/09\/ondara-antiguo.jpg","width":1000,"height":378,"caption":"ondara-antiguo"},{"@type":"BreadcrumbList","@id":"https:\/\/ondaractiva.com\/historia-comercial\/#breadcrumb","itemListElement":[{"@type":"ListItem","position":1,"name":"Portada","item":"https:\/\/ondaractiva.com\/historia-comercial\/"},{"@type":"ListItem","position":2,"name":"Ondara una Hist\u00f2ria de Comer\u00e7"}]},{"@type":"WebSite","@id":"https:\/\/ondaractiva.com\/historia-comercial\/#website","url":"https:\/\/ondaractiva.com\/historia-comercial\/","name":"Ondara, una Hist\u00f2ria de Comer\u00e7","description":"","potentialAction":[{"@type":"SearchAction","target":{"@type":"EntryPoint","urlTemplate":"https:\/\/ondaractiva.com\/historia-comercial\/?s={search_term_string}"},"query-input":{"@type":"PropertyValueSpecification","valueRequired":true,"valueName":"search_term_string"}}],"inLanguage":"es"}]}},"_links":{"self":[{"href":"https:\/\/ondaractiva.com\/historia-comercial\/wp-json\/wp\/v2\/pages\/43","targetHints":{"allow":["GET"]}}],"collection":[{"href":"https:\/\/ondaractiva.com\/historia-comercial\/wp-json\/wp\/v2\/pages"}],"about":[{"href":"https:\/\/ondaractiva.com\/historia-comercial\/wp-json\/wp\/v2\/types\/page"}],"author":[{"embeddable":true,"href":"https:\/\/ondaractiva.com\/historia-comercial\/wp-json\/wp\/v2\/users\/1"}],"replies":[{"embeddable":true,"href":"https:\/\/ondaractiva.com\/historia-comercial\/wp-json\/wp\/v2\/comments?post=43"}],"version-history":[{"count":35,"href":"https:\/\/ondaractiva.com\/historia-comercial\/wp-json\/wp\/v2\/pages\/43\/revisions"}],"predecessor-version":[{"id":797,"href":"https:\/\/ondaractiva.com\/historia-comercial\/wp-json\/wp\/v2\/pages\/43\/revisions\/797"}],"wp:featuredmedia":[{"embeddable":true,"href":"https:\/\/ondaractiva.com\/historia-comercial\/wp-json\/wp\/v2\/media\/282"}],"wp:attachment":[{"href":"https:\/\/ondaractiva.com\/historia-comercial\/wp-json\/wp\/v2\/media?parent=43"}],"curies":[{"name":"wp","href":"https:\/\/api.w.org\/{rel}","templated":true}]}}